{"id":7708,"date":"2023-10-23T13:18:36","date_gmt":"2023-10-23T11:18:36","guid":{"rendered":"https:\/\/www.sms-teampower.com\/?page_id=7708"},"modified":"2023-10-23T13:27:59","modified_gmt":"2023-10-23T11:27:59","slug":"evidenzhaltung","status":"publish","type":"page","link":"https:\/\/www.sms-teampower.com\/de\/evidenzhaltung\/","title":{"rendered":"Evidenzhaltung"},"content":{"rendered":"\n\t<section class=\"section stoerer-notfall dark\" id=\"section_1665690112\">\n\t\t<div class=\"section-bg fill\" >\n\t\t\t\t\t\t\t\t\t\n\t\t\t\n\n\t\t<\/div>\n\n\t\t\n\n\t\t<div class=\"section-content relative\">\n\t\t\t\n<div class=\"row\"  id=\"row-1804629688\">\n\n\t<div id=\"col-1336880833\" class=\"col small-12 large-12\"  >\n\t\t\t\t<div class=\"col-inner\"  >\n\t\t\t\n\t\t\t\n<div class=\"container section-title-container text-uppercase text-lh-small margin-bottom-normal no-padding\" ><h1 class=\"section-title section-title-center\"><b><\/b><span class=\"section-title-main\" >Evidenzhaltung<\/span><b><\/b><\/h1><\/div>\n\t\t<\/div>\n\t\t\t\t\n<style>\n#col-1336880833 > .col-inner {\n  margin: 0px 0px -70px 0px;\n}\n<\/style>\n\t<\/div>\n\n\t\n<\/div>\n\t\t<\/div>\n\n\t\t\n<style>\n#section_1665690112 {\n  padding-top: 40px;\n  padding-bottom: 40px;\n  background-color: #ef7d00;\n}\n<\/style>\n\t<\/section>\n\t\n\n\t<section class=\"section\" id=\"section_319951569\">\n\t\t<div class=\"section-bg fill\" >\n\t\t\t\t\t\t\t\t\t\n\t\t\t\n\n\t\t<\/div>\n\n\t\t\n\n\t\t<div class=\"section-content relative\">\n\t\t\t\n<div class=\"row align-center no-padding-bottom\"  id=\"row-695672148\">\n\n\t<div id=\"col-543378934\" class=\"col medium-9 small-12 large-9\"  >\n\t\t\t\t<div class=\"col-inner text-center\"  >\n\t\t\t\n\t\t\t\n<div class=\"row no-padding-bottom\"  id=\"row-608157536\">\n\n\t<div id=\"col-1743765323\" class=\"col medium-11 small-12 large-11\"  >\n\t\t\t\t<div class=\"col-inner text-center\"  >\n\t\t\t\n\t\t\t\n\t<div id=\"text-385462275\" class=\"text\">\n\t\t\n<p>Lorem ipsum dolor sit amet, consetetur sadipscing elitr, sed diam nonumy eirmod tempor invidunt ut labore et dolore magna aliquyam erat, sed diam voluptua. At vero eos et accusam et justo duo dolores et ea rebum. Stet clita kasd gubergren, no sea takimata sanctus est Lorem ipsum dolor sit amet. Lorem ipsum dolor sit amet, consetetur sadipscing elitr, sed diam nonumy eirmod tempor invidunt ut labore et dolore magna aliquyam erat, sed diam voluptua. At vero eos et accusam et justo duo dolores et ea rebum. Stet clita kasd gubergren, no sea takimata sanctus est Lorem ipsum dolor sit amet.<br \/>\n\t\t\n<style>\n#text-385462275 {\n  text-align: left;\n}\n<\/style>\n\t<\/div>\n\t\n<div class=\"is-divider divider clearfix\" style=\"margin-top:2em;margin-bottom:2em;max-width:1097px;height:1px;\"><\/div>\n\t\t<\/div>\n\t\t\t\t\t<\/div>\n\n\t\n\n\t<div id=\"col-1336638267\" class=\"col medium-11 small-12 large-11\"  >\n\t\t\t\t<div class=\"col-inner text-center\"  >\n\t\t\t\n\t\t\t\n\t<div id=\"text-1691387130\" class=\"text\">\n\t\t\n<p>Lorem ipsum dolor sit amet, consetetur sadipscing elitr, sed diam nonumy eirmod tempor invidunt ut labore et dolore magna aliquyam erat, sed diam voluptua. At vero eos et accusam et justo duo dolores et ea rebum. Stet clita kasd gubergren, no sea takimata sanctus est Lorem ipsum dolor sit amet. Lorem ipsum dolor sit amet, consetetur sadipscing elitr, sed diam nonumy eirmod tempor invidunt ut labore et dolore magna aliquyam erat, sed diam voluptua. At vero eos et accusam et justo duo dolores et ea rebum. Stet clita kasd gubergren, no sea takimata sanctus est Lorem ipsum dolor sit amet.<br \/>\n\t\t\n<style>\n#text-1691387130 {\n  text-align: left;\n}\n<\/style>\n\t<\/div>\n\t\n<div class=\"is-divider divider clearfix\" style=\"margin-top:2em;margin-bottom:2em;max-width:1097px;height:1px;\"><\/div>\n\t<div id=\"text-697073696\" class=\"text\">\n\t\t\n<p>Lorem ipsum dolor sit amet, consetetur sadipscing elitr, sed diam nonumy eirmod tempor invidunt ut labore et dolore magna aliquyam erat, sed diam voluptua. At vero eos et accusam et justo duo dolores et ea rebum. Stet clita kasd gubergren, no sea takimata sanctus est Lorem ipsum dolor sit amet. Lorem ipsum dolor sit amet, consetetur sadipscing elitr, sed diam nonumy eirmod tempor invidunt ut labore et dolore magna aliquyam erat, sed diam voluptua. At vero eos et accusam et justo duo dolores et ea rebum. Stet clita kasd gubergren, no sea takimata sanctus est Lorem ipsum dolor sit amet.<br \/>\n\t\t\n<style>\n#text-697073696 {\n  text-align: left;\n}\n<\/style>\n\t<\/div>\n\t\n<div class=\"is-divider divider clearfix\" style=\"margin-top:2em;margin-bottom:2em;max-width:1097px;height:1px;\"><\/div>\n\t\t<\/div>\n\t\t\t\t\t<\/div>\n\n\t\n<\/div>\n\t\t<\/div>\n\t\t\t\t\t<\/div>\n\n\t\n<\/div>\n<div class=\"row align-center no-padding-bottom\"  id=\"row-1978436560\">\n\n\t<div id=\"col-1785324181\" class=\"col medium-9 small-12 large-9\"  >\n\t\t\t\t<div class=\"col-inner text-center\"  >\n\t\t\t\n\t\t\t\n<div class=\"row no-padding-bottom\"  id=\"row-1958440828\">\n\n\t<div id=\"col-1114364257\" class=\"col small-12 large-12\"  >\n\t\t\t\t<div class=\"col-inner text-center\"  >\n\t\t\t\n\t\t\t\n\t<div id=\"gap-2056538543\" class=\"gap-element clearfix\" style=\"display:block; height:auto;\">\n\t\t\n<style>\n#gap-2056538543 {\n  padding-top: 30px;\n}\n<\/style>\n\t<\/div>\n\t\n\t\t<\/div>\n\t\t\t\t\t<\/div>\n\n\t\n<\/div>\n\t\t<\/div>\n\t\t\t\t\t<\/div>\n\n\t\n<\/div>\n\t\t<\/div>\n\n\t\t\n<style>\n#section_319951569 {\n  padding-top: 100px;\n  padding-bottom: 100px;\n}\n<\/style>\n\t<\/section>\n\t\n\n\t<section class=\"section sms-statement dark\" id=\"section_1687380947\">\n\t\t<div class=\"section-bg fill\" >\n\t\t\t\t\t\t\t\t\t\n\t\t\t\n\n\t\t<\/div>\n\n\t\t\n\n\t\t<div class=\"section-content relative\">\n\t\t\t\n\n<div class=\"row align-center no-padding-bottom\"  id=\"row-724876434\">\n\n\n\t<div id=\"col-1229920850\" class=\"col medium-11 small-12 large-11\"  >\n\t\t\t\t<div class=\"col-inner\"  >\n\t\t\t\n\t\t\t\n\n<div class=\"container section-title-container text-lh-1 margin-bottom-small text-uppercase no-border\" ><h2 class=\"section-title section-title-normal\"><b><\/b><span class=\"section-title-main\" >Teampower \u2013 Gemeinsam sind wir stark!<\/span><b><\/b><\/h2><\/div>\n\n\t<div id=\"text-1122310969\" class=\"text fw-700 largest no-margin-bottom\">\n\t\t\n\n<p>\"Ein Unternehmen ist nichts ohne ein starkes Team! Seit 2004 ist die SMS Group\u00a0 im Bereich Schadenmanagement t\u00e4tig und diesen Erfolg verdanken wir unseren engagierten Mitarbeiter*innen. Als Arbeitgeber sehen wir es daher als unsere Aufgabe an, unsere Fach- und F\u00fchrungskr\u00e4fte bestm\u00f6glich in Ihrer pers\u00f6nlichen und fachlichen Weiterbildung zu unterst\u00fctzen.\"<\/p>\n\t\t\t<\/div>\n\t\n<div class=\"is-divider divider clearfix\" style=\"margin-top:1.6em;margin-bottom:1.6em;max-width:80px;background-color:rgb(255, 255, 255);\"><\/div>\n\n\t<div id=\"text-4078300921\" class=\"text small no-margin-bottom fw-600\">\n\t\t\n\n<p>Markus Schmelzer<\/p>\n\t\t\t<\/div>\n\t\n\t<div id=\"text-1301929363\" class=\"text small no-margin-bottom fw-300\">\n\t\t\n\n<p>Gesch\u00e4ftsf\u00fchrer SMS Schaden Management Service GmbH<\/p>\n\t\t\t<\/div>\n\t\n\n\t\t<\/div>\n\t\t\t\t\t<\/div>\n\n\t\n\n<\/div>\n\n\t\t<\/div>\n\n\t\t\n<style>\n#section_1687380947 {\n  padding-top: 30px;\n  padding-bottom: 30px;\n  background-color: #ef7d00;\n}\n@media (min-width:550px) {\n  #section_1687380947 {\n    padding-top: 60px;\n    padding-bottom: 60px;\n  }\n}\n<\/style>\n\t<\/section>\n\t\n","protected":false},"excerpt":{"rendered":"","protected":false},"author":9,"featured_media":0,"parent":0,"menu_order":0,"comment_status":"closed","ping_status":"closed","template":"","meta":{"_acf_changed":false,"footnotes":""},"class_list":["post-7708","page","type-page","status-publish","hentry"],"acf":[],"_links":{"self":[{"href":"https:\/\/www.sms-teampower.com\/de\/wp-json\/wp\/v2\/pages\/7708","targetHints":{"allow":["GET"]}}],"collection":[{"href":"https:\/\/www.sms-teampower.com\/de\/wp-json\/wp\/v2\/pages"}],"about":[{"href":"https:\/\/www.sms-teampower.com\/de\/wp-json\/wp\/v2\/types\/page"}],"author":[{"embeddable":true,"href":"https:\/\/www.sms-teampower.com\/de\/wp-json\/wp\/v2\/users\/9"}],"replies":[{"embeddable":true,"href":"https:\/\/www.sms-teampower.com\/de\/wp-json\/wp\/v2\/comments?post=7708"}],"version-history":[{"count":4,"href":"https:\/\/www.sms-teampower.com\/de\/wp-json\/wp\/v2\/pages\/7708\/revisions"}],"predecessor-version":[{"id":7718,"href":"https:\/\/www.sms-teampower.com\/de\/wp-json\/wp\/v2\/pages\/7708\/revisions\/7718"}],"wp:attachment":[{"href":"https:\/\/www.sms-teampower.com\/de\/wp-json\/wp\/v2\/media?parent=7708"}],"curies":[{"name":"wp","href":"https:\/\/api.w.org\/{rel}","templated":true}]}}