{"id":3079,"date":"2023-04-24T15:56:26","date_gmt":"2023-04-24T13:56:26","guid":{"rendered":"https:\/\/www.sms-teampower.com\/?page_id=3079"},"modified":"2023-11-13T08:11:36","modified_gmt":"2023-11-13T07:11:36","slug":"agb","status":"publish","type":"page","link":"https:\/\/www.sms-teampower.com\/de\/agb\/","title":{"rendered":"AGB"},"content":{"rendered":"\n\t<section class=\"section stoerer-notfall dark\" id=\"section_1783663942\">\n\t\t<div class=\"section-bg fill\" >\n\t\t\t\t\t\t\t\t\t\n\t\t\t\n\n\t\t<\/div>\n\n\t\t\n\n\t\t<div class=\"section-content relative\">\n\t\t\t\n<div class=\"row\"  id=\"row-1177615277\">\n\n\t<div id=\"col-473225918\" class=\"col small-12 large-12\"  >\n\t\t\t\t<div class=\"col-inner\"  >\n\t\t\t\n\t\t\t\n<div class=\"container section-title-container text-uppercase text-lh-small margin-bottom-normal no-padding\" ><h1 class=\"section-title section-title-center\"><b><\/b><span class=\"section-title-main\" >AGB<\/span><b><\/b><\/h1><\/div>\n\t\t<\/div>\n\t\t\t\t\n<style>\n#col-473225918 > .col-inner {\n  margin: 0px 0px -70px 0px;\n}\n<\/style>\n\t<\/div>\n\n\t\n<\/div>\n\t\t<\/div>\n\n\t\t\n<style>\n#section_1783663942 {\n  padding-top: 40px;\n  padding-bottom: 40px;\n  background-color: #ef7d00;\n}\n<\/style>\n\t<\/section>\n\t\n\n\t<section class=\"section\" id=\"section_2085926930\">\n\t\t<div class=\"section-bg fill\" >\n\t\t\t\t\t\t\t\t\t\n\t\t\t\n\n\t\t<\/div>\n\n\t\t\n\n\t\t<div class=\"section-content relative\">\n\t\t\t\n<div class=\"row align-center no-padding-bottom\"  id=\"row-1318383630\">\n\n\t<div id=\"col-1114907889\" class=\"col medium-9 small-12 large-9\"  >\n\t\t\t\t<div class=\"col-inner text-center\"  >\n\t\t\t\n\t\t\t\n<div class=\"row no-padding-bottom\"  id=\"row-1343454212\">\n\n\t<div id=\"col-357651557\" class=\"col medium-9 small-12 large-9\"  >\n\t\t\t\t<div class=\"col-inner text-center\"  >\n\t\t\t\n\t\t\t\n<div class=\"container section-title-container smaller margin-bottom-small\" ><h2 class=\"section-title section-title-center\"><b><\/b><span class=\"section-title-main\" style=\"color:rgb(239, 124, 0);\">ALLGEMEINE GESCH\u00c4FTSBEDINGUNGEN DER SMS GROUP GMBH, SMS AUSTRIA GMBH, SAM SCHADENSABWICKLUNGSMANAGEMENT GMBH \u2013 FOLGEND SMS GROUP GENANNT.<\/span><b><\/b><\/h2><\/div>\n\t<div id=\"gap-447184552\" class=\"gap-element clearfix\" style=\"display:block; height:auto;\">\n\t\t\n<style>\n#gap-447184552 {\n  padding-top: 30px;\n}\n<\/style>\n\t<\/div>\n\t\n\t\t<\/div>\n\t\t\t\t\t<\/div>\n\n\t\n<\/div>\n\t\t<\/div>\n\t\t\t\t\t<\/div>\n\n\t\n<\/div>\n<div class=\"row align-center no-padding-bottom\"  id=\"row-191620513\">\n\n\t<div id=\"col-1876332945\" class=\"col medium-9 small-12 large-9\"  >\n\t\t\t\t<div class=\"col-inner text-center\"  >\n\t\t\t\n\t\t\t\n<div class=\"row no-padding-bottom\"  id=\"row-1918217328\">\n\n\t<div id=\"col-88648315\" class=\"col small-12 large-12\"  >\n\t\t\t\t<div class=\"col-inner text-center\"  >\n\t\t\t\n\t\t\t\n\t<div id=\"text-1242528630\" class=\"text\">\n\t\t\n<p><strong>1. Inhalte<\/strong><\/p>\n<p>Der Inhalt dieser Seiten wurde sorgf\u00e4ltig bearbeitet und \u00fcberpr\u00fcft. Die SMS Group \u00fcbernimmt jedoch keine Gew\u00e4hr f\u00fcr die Aktualit\u00e4t, Richtigkeit, Vollst\u00e4ndigkeit oder Qualit\u00e4t der bereitgestellten Informationen. Die folgenden Allgemeinen Gesch\u00e4ftsbedingungen gelten f\u00fcr alle Gesch\u00e4ftsbeziehungen zwischen der SMS Group und dem Kunden. Ma\u00dfgeblich ist jeweils die zum Zeitpunkt des Vertragsabschlusses g\u00fcltige Fassung.<\/p>\n<p><strong>2. Geltungsbereich der Allgemeinen Gesch\u00e4ftsbedingungen<\/strong><\/p>\n<p>Unser Angebot umfasst Leistungen in den Bereichen der Leckageortung\/Leistungsdetektion, Trocknungsarbeiten und Wasserschadenbeseitigung, Schimmelpilzsanierung, Luftreinigung und Geruchsneutralisation, Brandschadenreinigung, Geb\u00e4udediagnostik, Bautrocknung und Bauheizung. Zus\u00e4tzliche, vom Leistungsumfang des Vertrages nicht umfasste aber notwendige Arbeiten, k\u00f6nnen nach Best\u00e4tigung des Auftraggebers von der SMS Group GmbH oder einem von der SMS Group beauftragten Subunternehmer ausgef\u00fchrt werden. F\u00fcr diese dazugeh\u00f6rigen Leistungen einschlie\u00dflich der Beratung gelten ausschlie\u00dflich nachstehende Allgemeine Gesch\u00e4ftsbedingungen.<\/p>\n<p><strong>3. Angebot, Vertragsabschluss und Durchf\u00fchrung<\/strong><\/p>\n<p>3.1 Unsere Angebote sind freibleibend und unverbindlich. Sie basieren auf dem erkennbaren Zustand der Sache zum Zeitpunkt der Besichtigung.<\/p>\n<p>3.2 Hat der Kunde unser Angebot nicht ausdr\u00fccklich oder schriftlich angenommen, gilt der Vertrag dennoch als geschlossen, sobald der Auftraggeber die Leistung ohne Widerspruch entgegennimmt.<\/p>\n<p>3.3 Die ausgef\u00fchrten Leistungen und deren Preise am Angebot sind unverbindlich. Ausgenommen hiervon sind unvorhergesehene Leistungen und Leistungen, die augenscheinlich nicht zu erkennen waren. Hierunter fallen zum Beispiel Lohnstundenarbeiten f\u00fcr das Entfernen von Altanstrichen, Beschichtungen, Tapeten oder beispielsweise M\u00f6belr\u00e4umarbeiten.<\/p>\n<p>3.4 Der Auftraggeber hat daf\u00fcr Sorge zu tragen, dass die Ausf\u00fchrungen der von uns erbrachten Leistungen nicht durch Auf- und Umr\u00e4umarbeiten und Beseitigung von Hindernissen, Mobiliar von betreffenden R\u00e4umlichkeiten zu entfernen, um das gesamte Schadensausma\u00df feststellen zu k\u00f6nnen. Werden diese Arbeiten dennoch von uns verrichtet, werden diese nach Stundenaufwand abgerechnet.<\/p>\n<p>3.5 Bei Bauteilen, die durch die Wassereinwirkung gequollen sind (Holzm\u00f6bel, Holzb\u00f6den usw.) k\u00f6nnte es nach der Trocknung zu einer Fugenbildung kommen.<\/p>\n<p>3.6 Jedes von der SMS Group verwendete Ger\u00e4t wird vor Inbetriebnahme auf seine einwandfreie Funktion \u00fcberpr\u00fcft, und gilt diese mit Inbetriebnahme ausdr\u00fccklich als zugestanden. F\u00fcr s\u00e4mtliche Betriebsst\u00f6rungen, die ihre Ursache nicht in einem Mangel des Ger\u00e4te bzw. Mangel des Aufbaues haben, \u00fcbernehmen wir keinerlei Haftung. Insbesondere haftet der Kunde f\u00fcr unsachgem\u00e4\u00dfe Bedienung, Besch\u00e4digung, nicht rechtzeitig gemeldeter Stromausfall etc. selbst. Somit ist der Auftraggeber verpflichtet, St\u00f6rungen unverz\u00fcglich der SMS Group mitzuteilen.<\/p>\n<p>3.7 Bei bestimmten Ger\u00e4ten ist es notwendig, den Sammelbeh\u00e4lter f\u00fcr das Kondenswasser regelm\u00e4\u00dfig (anfangs 2Mal t\u00e4glich, sp\u00e4ter seltener) zu entleeren. Schieben Sie diesen danach wieder vollst\u00e4ndig in das Ger\u00e4t. Ansonsten ben\u00f6tigen die Ger\u00e4te keine Wartung und k\u00f6nnen problemlos allein gelassen werden. Nach einigen Tagen erfolgt ohnehin die Kontrolle des Trocknungsfortschrittes durch unseren Techniker.<\/p>\n<p>3.8 Der Auftraggeber hat daf\u00fcr Sorge zu tragen, dass Strom f\u00fcr Ger\u00e4te, Werkzeuge, Beleuchtung sowie Wasser zur Verf\u00fcgung gestellt wird. Des weiteren muss der Auftraggeber daf\u00fcr sorgen, dass s\u00e4mtliche feuer- und baupolizeiliche Vorschriften eingehalten werden. F\u00fcr sich daraus ergebende Sch\u00e4den \u00fcbernimmt die SMS Group keinerlei Haftung.<\/p>\n<p>3.9 Die Berechnung der im Vertrag oder in der Auftragsbest\u00e4tigung angef\u00fchrten Ger\u00e4te und Anlagen sowie technischer Einrichtungen erfolgt jeweils pro angefangenen Kalendertag.<\/p>\n<p><strong>4. Leckageortung, Wasserschadenbeseitigung, Geb\u00e4udediagnostik<\/strong><\/p>\n<p>4.1 Mess- und diagnosetechnische Untersuchungen sowie Rohrbruch- und Leitungsortungen werden mit den neuesten Messtechniken durchgef\u00fchrt. Ein Untersuchungserfolg kann jedoch nicht garantiert werden. Aus diesem Grund ist die Verg\u00fctung nicht erfolgsabh\u00e4ngig.<\/p>\n<p>4.2 Alle Messverfahren sowie die damit verbundenen Nebenleistungen werden nach den Regeln der neuesten Technik durchgef\u00fchrt. F\u00fcr Sch\u00e4den die in diesem Zusammenhang an dem Untersuchungsobjekt, insbesondere am Eigentum des Auftraggebers oder eines Dritten, haften wir nur im Falle grober Fahrl\u00e4ssigkeit.<\/p>\n<p>4.3 Jegliche Haftung und \u00dcbernahme etwaiger Kosten und Folgekosten, die dem Auftraggeber oder dem Dritten durch fehlerhafte Messergebnisse\/Protokollierungen\/Berichte usw. entstehen, sind ausgeschlossen.<\/p>\n<p><strong>5. Trocknungsarbeiten und Sanierungsleistungen nach Wasserschaden<\/strong><\/p>\n<p>5.1 Sowohl durch Baum\u00e4ngel und Bausch\u00e4den, Schadensf\u00e4lle und falschem Wohn- und Nutzverhalten kann es in und an einem Geb\u00e4ude und seiner Bauteile, in Hohlr\u00e4umen, unter Oberbel\u00e4gen, hinter Verkleidungen etc. zur Bildung von Schimmelpilzen kommen. Da ein derartiger Befall w\u00e4hrend der Entstehung und je nach Art optisch nicht gleich erkennbar ist, \u00fcbernehmen wir f\u00fcr die Nichterkennung keinerlei Haftung.<\/p>\n<p>5.2 Es bleibt dem Auftraggeber \u00fcberlassen, vor Durchf\u00fchrung von Trocknungs- und Sanierungsma\u00dfnahmen auf eigene Kosten einen Sachverst\u00e4ndigen zu beauftragen.<\/p>\n<p>5.3 Es wird angeraten, bei Holzdeckenkonstruktionen eine Endoskopie durchzuf\u00fchren, um eventuelle Vermorschungen zu dokumentieren. Die Kosten werden in Regie verrechnet. F\u00fcr jede Art von Sch\u00e4den an den Holzdeckenkonstruktionen, egal in welcher Form und an welcher Stelle, wird seiten der SMS Group keinerlei Haftung \u00fcbernommen.<\/p>\n<p><strong>6. Preise<\/strong><\/p>\n<p>6.1 Die in unserem Angebot ausgewiesenen Preise haben eine G\u00fcltigkeit von 3 Monaten.<\/p>\n<p>6.2 Alle Preise verstehen sich in Euro (\u20ac)<\/p>\n<p>6.3 Die ermittelten Preise sind nach den f\u00fcr die jeweilige Leistung erforderlichen Materialien und Arbeitsleistungen individuell kalkuliert und k\u00f6nnen nicht mit fr\u00fcheren oder sp\u00e4teren Angeboten und Rechnungen in Zusammenhang gebracht werden.<\/p>\n<p>6.4 Arbeiten, welche im Angebot oder in der Auftragsbest\u00e4tigung nicht angef\u00fchrt sind, jedoch erw\u00fcnscht und erforderlich sind, werden gesondert berechnet oder am Auftrag erg\u00e4nzt.<\/p>\n<p>6.5 M\u00fcndliche Preisangaben haben nur dann G\u00fcltigkeit, wenn wir diese auch schriftlich best\u00e4tigen.<\/p>\n<p><strong>7. Zahlungsbedingungen<\/strong><\/p>\n<p>Der Rechnungsbetrag ist brutto, ohne Abzug, 14 Tage nach Rechnungserhalt zu bezahlen.<\/p>\n<p><strong>8. Haftung<\/strong><\/p>\n<p>8.1 Schadensersatzanspr\u00fcche sind der H\u00f6he nach auf den bei Vertragsabschluss vorhersehbaren Schaden begrenzt, soweit sie nicht auf Vorsatz grober Fahrl\u00e4ssigkeit unsererseits, unserer gesetzlichen Vertreter oder Erf\u00fcllungsgehilfen beruhen oder Zusicherungen betreffen, die den Auftraggeber auch gegen Schadensrisiken absichern soll. Im Falle leichter Fahrl\u00e4ssigkeit besteht eine entsprechend auf den vorhersehbaren Schaden begrenzte Haftung nur dann, wenn wesentliche Vertragspflichten verletzt wurden oder ein Fall des Leistungsverzuges oder der von uns zu vertretenden Unm\u00f6glichkeit der Leistung vorliegt. In allen \u00fcbrigen F\u00e4llen leichter Fahrl\u00e4ssigkeit haften wir dem Grunde und der H\u00f6he nach nur soweit entsprechender Versicherungsschutz besteht.<\/p>\n<p>8.2 Die Demontage und Montage von vorhandenen Gegenst\u00e4nden wie zum Beispiel Lampen, Gardinen, Schalter, Spiegel, WC, Waschtische etc. f\u00fchrt der Auftraggeber auf eigenes Risiko aus. Wird die Durchf\u00fchrung dieser Leistungen dennoch durch uns gew\u00fcnscht, \u00fcbernehmen wir f\u00fcr etwaige Sch\u00e4den, Reparaturen, Ersatzteile udgl. keinerlei Haftung und Gew\u00e4hrleistung.<\/p>\n<p><strong>9. Gerichtsstand \/ Erf\u00fcllungsort<\/strong><\/p>\n<p>Erf\u00fcllungsort und Gerichtsstand ist Klagenfurt. Auf das Vertragsverh\u00e4ltnis findet ausschlie\u00dflich \u00f6sterreichisches Recht Anwendung.<br \/>\n\t\t\n<style>\n#text-1242528630 {\n  text-align: left;\n}\n<\/style>\n\t<\/div>\n\t\n\t<div id=\"gap-872690794\" class=\"gap-element clearfix\" style=\"display:block; height:auto;\">\n\t\t\n<style>\n#gap-872690794 {\n  padding-top: 30px;\n}\n<\/style>\n\t<\/div>\n\t\n\t<div id=\"gap-1260426019\" class=\"gap-element clearfix\" style=\"display:block; height:auto;\">\n\t\t\n<style>\n#gap-1260426019 {\n  padding-top: 80px;\n}\n<\/style>\n\t<\/div>\n\t\n\t\t<\/div>\n\t\t\t\t\t<\/div>\n\n\t\n<\/div>\n\t\t<\/div>\n\t\t\t\t\t<\/div>\n\n\t\n<\/div>\n\t\t<\/div>\n\n\t\t\n<style>\n#section_2085926930 {\n  padding-top: 100px;\n  padding-bottom: 100px;\n}\n<\/style>\n\t<\/section>\n\t\n\n\t<section class=\"section sms-statement dark\" id=\"section_1669409331\">\n\t\t<div class=\"section-bg fill\" >\n\t\t\t\t\t\t\t\t\t\n\t\t\t\n\n\t\t<\/div>\n\n\t\t\n\n\t\t<div class=\"section-content relative\">\n\t\t\t\n\n<div class=\"row align-center no-padding-bottom\"  id=\"row-326969747\">\n\n\n\t<div id=\"col-836163397\" class=\"col medium-11 small-12 large-11\"  >\n\t\t\t\t<div class=\"col-inner\"  >\n\t\t\t\n\t\t\t\n\n<div class=\"container section-title-container text-lh-1 margin-bottom-small text-uppercase no-border\" ><h2 class=\"section-title section-title-normal\"><b><\/b><span class=\"section-title-main\" >Teampower \u2013 Gemeinsam sind wir stark!<\/span><b><\/b><\/h2><\/div>\n\n\t<div id=\"text-87688070\" class=\"text fw-700 largest no-margin-bottom\">\n\t\t\n\n<p>\"Ein Unternehmen ist nichts ohne ein starkes Team! Seit 2004 ist die SMS Group\u00a0 im Bereich Schadenmanagement t\u00e4tig und diesen Erfolg verdanken wir unseren engagierten Mitarbeiter*innen. Als Arbeitgeber sehen wir es daher als unsere Aufgabe an, unsere Fach- und F\u00fchrungskr\u00e4fte bestm\u00f6glich in Ihrer pers\u00f6nlichen und fachlichen Weiterbildung zu unterst\u00fctzen.\"<\/p>\n\t\t\t<\/div>\n\t\n<div class=\"is-divider divider clearfix\" style=\"margin-top:1.6em;margin-bottom:1.6em;max-width:80px;background-color:rgb(255, 255, 255);\"><\/div>\n\n\t<div id=\"text-3464111002\" class=\"text small no-margin-bottom fw-600\">\n\t\t\n\n<p>Markus Schmelzer<\/p>\n\t\t\t<\/div>\n\t\n\t<div id=\"text-536208775\" class=\"text small no-margin-bottom fw-300\">\n\t\t\n\n<p>Gesch\u00e4ftsf\u00fchrer SMS Schaden Management Service GmbH<\/p>\n\t\t\t<\/div>\n\t\n\n\t\t<\/div>\n\t\t\t\t\t<\/div>\n\n\t\n\n<\/div>\n\n\t\t<\/div>\n\n\t\t\n<style>\n#section_1669409331 {\n  padding-top: 30px;\n  padding-bottom: 30px;\n  background-color: #ef7d00;\n}\n@media (min-width:550px) {\n  #section_1669409331 {\n    padding-top: 60px;\n    padding-bottom: 60px;\n  }\n}\n<\/style>\n\t<\/section>\n\t\n","protected":false},"excerpt":{"rendered":"","protected":false},"author":9,"featured_media":0,"parent":0,"menu_order":0,"comment_status":"closed","ping_status":"closed","template":"","meta":{"_acf_changed":false,"footnotes":""},"class_list":["post-3079","page","type-page","status-publish","hentry"],"acf":[],"_links":{"self":[{"href":"https:\/\/www.sms-teampower.com\/de\/wp-json\/wp\/v2\/pages\/3079","targetHints":{"allow":["GET"]}}],"collection":[{"href":"https:\/\/www.sms-teampower.com\/de\/wp-json\/wp\/v2\/pages"}],"about":[{"href":"https:\/\/www.sms-teampower.com\/de\/wp-json\/wp\/v2\/types\/page"}],"author":[{"embeddable":true,"href":"https:\/\/www.sms-teampower.com\/de\/wp-json\/wp\/v2\/users\/9"}],"replies":[{"embeddable":true,"href":"https:\/\/www.sms-teampower.com\/de\/wp-json\/wp\/v2\/comments?post=3079"}],"version-history":[{"count":4,"href":"https:\/\/www.sms-teampower.com\/de\/wp-json\/wp\/v2\/pages\/3079\/revisions"}],"predecessor-version":[{"id":7292,"href":"https:\/\/www.sms-teampower.com\/de\/wp-json\/wp\/v2\/pages\/3079\/revisions\/7292"}],"wp:attachment":[{"href":"https:\/\/www.sms-teampower.com\/de\/wp-json\/wp\/v2\/media?parent=3079"}],"curies":[{"name":"wp","href":"https:\/\/api.w.org\/{rel}","templated":true}]}}